{"id":2,"date":"2023-08-14T17:47:07","date_gmt":"2023-08-14T15:47:07","guid":{"rendered":"http:\/\/marygenisson.fr\/?page_id=2"},"modified":"2025-05-12T16:36:10","modified_gmt":"2025-05-12T14:36:10","slug":"page-d-exemple","status":"publish","type":"page","link":"https:\/\/marygenisson.fr\/","title":{"rendered":"Page d\u2019accueil"},"content":{"rendered":"<p>[et_pb_section fb_built=&#8221;1&#8243; _builder_version=&#8221;4.22.0&#8243; _module_preset=&#8221;default&#8221; global_colors_info=&#8221;{}&#8221;][et_pb_row _builder_version=&#8221;4.22.0&#8243; _module_preset=&#8221;default&#8221; global_colors_info=&#8221;{}&#8221;][et_pb_column type=&#8221;4_4&#8243; _builder_version=&#8221;4.22.0&#8243; _module_preset=&#8221;default&#8221; global_colors_info=&#8221;{}&#8221;][et_pb_image src=&#8221;http:\/\/marygenisson.fr\/wp-content\/uploads\/2023\/08\/1536499714982.jpeg&#8221; alt=&#8221;Mary Genisson, psychologue clinicienne&#8221; title_text=&#8221;Mary Genisson, psychologue clinicienne&#8221; align=&#8221;center&#8221; _builder_version=&#8221;4.22.0&#8243; _module_preset=&#8221;default&#8221; global_colors_info=&#8221;{}&#8221;][\/et_pb_image][\/et_pb_column][\/et_pb_row][et_pb_row _builder_version=&#8221;4.22.0&#8243; _module_preset=&#8221;default&#8221; global_colors_info=&#8221;{}&#8221;][et_pb_column type=&#8221;4_4&#8243; _builder_version=&#8221;4.22.0&#8243; _module_preset=&#8221;default&#8221; global_colors_info=&#8221;{}&#8221;][et_pb_text _builder_version=&#8221;4.22.0&#8243; _module_preset=&#8221;default&#8221; global_colors_info=&#8221;{}&#8221;]<\/p>\n<h1 style=\"text-align: center;\"><span style=\"color: #e6936b;\">Mary Genisson<\/span><\/h1>\n<p style=\"text-align: center;\">Psychologue clinicienne dipl\u00f4m\u00e9e de l\u2019universit\u00e9 Aix-Marseille (Psychopathologie et psychologue clinique)<\/p>\n<p>[\/et_pb_text][\/et_pb_column][\/et_pb_row][et_pb_row _builder_version=&#8221;4.22.0&#8243; _module_preset=&#8221;default&#8221; global_colors_info=&#8221;{}&#8221;][et_pb_column type=&#8221;4_4&#8243; _builder_version=&#8221;4.22.0&#8243; _module_preset=&#8221;default&#8221; global_colors_info=&#8221;{}&#8221;][et_pb_text _builder_version=&#8221;4.22.0&#8243; _module_preset=&#8221;default&#8221; global_colors_info=&#8221;{}&#8221;]<\/p>\n<p>Mon exp\u00e9rience professionnelle institutionnelle m\u2019a amen\u00e9 \u00e0 me sp\u00e9cialiser dans la prise en charge des troubles du comportement alimentaire(anorexie mentale, boulimie nervosit\u00e9, hyperphagie), des troubles d\u2019ordre psychosomatiques (approche bio-psychocorporelle), de la traumatologie, mais aussi les difficult\u00e9s d\u2019apprentissage scolaire.<br \/>Je suis \u00e9galement form\u00e9e \u00e0 l\u2019EMDR (DU traumatologie et EMDR), \u00e0 l\u2019art-th\u00e9rapie et \u00e0 l\u2019\u00e9ducation th\u00e9rapeutique (CRES).<\/p>\n<p>[\/et_pb_text][\/et_pb_column][\/et_pb_row][et_pb_row _builder_version=&#8221;4.22.0&#8243; _module_preset=&#8221;default&#8221; global_colors_info=&#8221;{}&#8221;][et_pb_column type=&#8221;4_4&#8243; _builder_version=&#8221;4.22.0&#8243; _module_preset=&#8221;default&#8221; global_colors_info=&#8221;{}&#8221;][et_pb_text _builder_version=&#8221;4.22.0&#8243; _module_preset=&#8221;default&#8221; global_colors_info=&#8221;{}&#8221;]<\/p>\n<h2><span style=\"color: #79A6A3;\">Public re\u00e7u<\/span><\/h2>\n<p>Les enfants, adolescents et adultes en th\u00e9rapie individuelle mais aussi les couples et les familles dans le cadre de soutien \u00e0 la parentalit\u00e9.<\/p>\n<h2><\/h2>\n<div><\/div>\n<div><\/div>\n<p>[\/et_pb_text][\/et_pb_column][\/et_pb_row][et_pb_row column_structure=&#8221;1_2,1_2&#8243; _builder_version=&#8221;4.22.0&#8243; _module_preset=&#8221;default&#8221; global_colors_info=&#8221;{}&#8221;][et_pb_column type=&#8221;1_2&#8243; _builder_version=&#8221;4.22.0&#8243; _module_preset=&#8221;default&#8221; global_colors_info=&#8221;{}&#8221;][et_pb_text _builder_version=&#8221;4.22.0&#8243; _module_preset=&#8221;default&#8221; global_colors_info=&#8221;{}&#8221;]<\/p>\n<h2><span style=\"color: #e6936b;\">Prestation<\/span><\/h2>\n<div><\/div>\n<div><span> \u2022 Psychoth\u00e9rapie individuelle,<\/span><\/div>\n<div><span> \u2022 Consultations ponctuelles,<\/span><\/div>\n<div><span> \u2022 Consultations d\u2019EMDR,<\/span><\/div>\n<div><span> \u2022 Th\u00e9rapie de soutien,<\/span><\/div>\n<div><span> \u2022 Th\u00e9rapie de couple,<\/span><\/div>\n<div><span> \u2022 Soutien \u00e0 la parentalite,<\/span><\/div>\n<div><span> \u2022 Arth\u00e9rapie,<\/span><\/div>\n<div><span> \u2022 Bilan psychom\u00e9trique et projectif enfant et adulte (Wisc, Wais etc.)<\/span><\/div>\n<p>[\/et_pb_text][\/et_pb_column][et_pb_column type=&#8221;1_2&#8243; _builder_version=&#8221;4.22.0&#8243; _module_preset=&#8221;default&#8221; global_colors_info=&#8221;{}&#8221;][et_pb_text _builder_version=&#8221;4.22.0&#8243; _module_preset=&#8221;default&#8221; global_colors_info=&#8221;{}&#8221;]<\/p>\n<h2><span style=\"color: #e6936b;\">Motifs de consultation<\/span><\/h2>\n<div><span> \u2022 Anxi\u00e9t\u00e9 et stress<\/span><\/div>\n<div><span> \u2022 Manque de confiance en soi<\/span><\/div>\n<div><span> \u2022 Gestion \u00e9motionnelle\u00a0<\/span><\/div>\n<div><span> \u2022 D\u00e9pression\u00a0<\/span><\/div>\n<div><span> \u2022 Burn-out<\/span><\/div>\n<div><span> \u2022 Difficult\u00e9 d\u2019apprentissage<\/span><\/div>\n<div><span> \u2022 D\u00e9crochage scolaire<\/span><\/div>\n<div><span> \u2022 Traumatisme et stress aig\u00fce<\/span><\/div>\n<div><span> \u2022 Trouble somatique<\/span><\/div>\n<div><span> \u2022 Douleurs chroniques<\/span><\/div>\n<div><span> \u2022 Addiction<\/span><\/div>\n<div><span> \u2022 Trouble du comportement alimentaire (TCA)<\/span><\/div>\n<div><span> \u2022 Trouble du comportement<\/span><\/div>\n<div><span> \u2022 Phobies<\/span><\/div>\n<div><span> \u2022 Trouble de l\u2019humeurs<\/span><\/div>\n<div><span> \u2022 Trouble du sommeil<\/span><\/div>\n<div><span> \u2022 Etc.<\/span><\/div>\n<p>[\/et_pb_text][\/et_pb_column][\/et_pb_row][et_pb_row _builder_version=&#8221;4.22.0&#8243; _module_preset=&#8221;default&#8221; global_colors_info=&#8221;{}&#8221;][et_pb_column type=&#8221;4_4&#8243; _builder_version=&#8221;4.22.0&#8243; _module_preset=&#8221;default&#8221; global_colors_info=&#8221;{}&#8221;][et_pb_text _builder_version=&#8221;4.27.4&#8243; _module_preset=&#8221;default&#8221; hover_enabled=&#8221;0&#8243; global_colors_info=&#8221;{}&#8221; sticky_enabled=&#8221;0&#8243;]<\/p>\n<h2><span style=\"color: #79a6a3;\">Consultations<\/span><\/h2>\n<p>Les consultations se font sur rendez-vous au 06.31.97.90.09.<\/p>\n<p>Elles ont lieu au 14 Avenue de Corinthe<br \/>13006, Marseille.<\/p>\n<p>Tarif : 65 euros, tarif de base pour une consultation d&#8217;une heure.<br \/>Mes consultations ne sont pas rembours\u00e9es par la s\u00e9curit\u00e9 sociale. En revanche, nombreuses sont les mutuelles qui prennent en charge un forfait de consultations \u00e0 l&#8217;ann\u00e9e.<\/p>\n<p>[\/et_pb_text][\/et_pb_column][\/et_pb_row][et_pb_row _builder_version=&#8221;4.22.0&#8243; _module_preset=&#8221;default&#8221; global_colors_info=&#8221;{}&#8221;][et_pb_column type=&#8221;4_4&#8243; _builder_version=&#8221;4.22.0&#8243; _module_preset=&#8221;default&#8221; global_colors_info=&#8221;{}&#8221;][et_pb_code _builder_version=&#8221;4.27.4&#8243; _module_preset=&#8221;default&#8221; text_orientation=&#8221;center&#8221; hover_enabled=&#8221;0&#8243; global_colors_info=&#8221;{}&#8221; sticky_enabled=&#8221;0&#8243;]<iframe src=\"https:\/\/www.google.com\/maps\/embed?pb=!1m18!1m12!1m3!1d11617.760775834564!2d5.371673876928459!3d43.2841024409012!2m3!1f0!2f0!3f0!3m2!1i1024!2i768!4f13.1!3m3!1m2!1s0x12c9c0abc2b861c1%3A0x71c26b9e264871a2!2s14%20Av.%20de%20Corinthe%2C%2013006%20Marseille!5e0!3m2!1sfr!2sfr!4v1747060548997!5m2!1sfr!2sfr\" width=\"600\" height=\"450\" style=\"border:0;\" allowfullscreen=\"\" loading=\"lazy\" referrerpolicy=\"no-referrer-when-downgrade\"><\/iframe>[\/et_pb_code][\/et_pb_column][\/et_pb_row][\/et_pb_section]<\/p>\n","protected":false},"excerpt":{"rendered":"<p>Mary Genisson Psychologue clinicienne dipl\u00f4m\u00e9e de l\u2019universit\u00e9 Aix-Marseille (Psychopathologie et psychologue clinique)Mon exp\u00e9rience professionnelle institutionnelle m\u2019a amen\u00e9 \u00e0 me sp\u00e9cialiser dans la prise en charge des troubles du comportement alimentaire(anorexie mentale, boulimie nervosit\u00e9, hyperphagie), des troubles d\u2019ordre psychosomatiques (approche bio-psychocorporelle), de la traumatologie, mais aussi les difficult\u00e9s d\u2019apprentissage scolaire.Je suis \u00e9galement form\u00e9e \u00e0 l\u2019EMDR (DU [&hellip;]<\/p>\n","protected":false},"author":1,"featured_media":0,"parent":0,"menu_order":0,"comment_status":"closed","ping_status":"closed","template":"","meta":{"_et_pb_use_builder":"on","_et_pb_old_content":"<!-- wp:paragraph -->\n<p>Ceci est une page d\u2019exemple. C\u2019est diff\u00e9rent d\u2019un article de blog parce qu\u2019elle restera au m\u00eame endroit et appara\u00eetra dans la navigation de votre site (dans la plupart des th\u00e8mes). La plupart des gens commencent par une page \u00ab\u00a0\u00c0 propos\u00a0\u00bb qui les pr\u00e9sente aux personnes visitant le site. Cela pourrait ressembler \u00e0 quelque chose comme cela\u00a0:<\/p>\n<!-- \/wp:paragraph -->\n\n<!-- wp:quote -->\n<blockquote class=\"wp-block-quote\"><p>Bonjour\u00a0! Je suis un m\u00e9canicien qui aspire \u00e0 devenir acteur, et voici mon site. J\u2019habite \u00e0 Bordeaux, j\u2019ai un super chien baptis\u00e9 Russell, et j\u2019aime la vodka (ainsi qu\u2019\u00eatre surpris par la pluie soudaine lors de longues balades sur la plage au coucher du soleil).<\/p><\/blockquote>\n<!-- \/wp:quote -->\n\n<!-- wp:paragraph -->\n<p>\u2026ou quelque chose comme cela\u00a0:<\/p>\n<!-- \/wp:paragraph -->\n\n<!-- wp:quote -->\n<blockquote class=\"wp-block-quote\"><p>La soci\u00e9t\u00e9 123 Machin Truc a \u00e9t\u00e9 cr\u00e9\u00e9e en 1971, et n\u2019a cess\u00e9 de proposer au public des machins-trucs de qualit\u00e9 depuis lors. Situ\u00e9e \u00e0 Saint-Remy-en-Bouzemont-Saint-Genest-et-Isson, 123 Machin Truc emploie 2 000 personnes, et fabrique toutes sortes de bidules supers pour la communaut\u00e9 bouzemontoise.<\/p><\/blockquote>\n<!-- \/wp:quote -->\n\n<!-- wp:paragraph -->\n<p>En tant que nouvel utilisateur ou utilisatrice de WordPress, vous devriez vous rendre sur <a href=\"http:\/\/marygenisson.fr\/wp-admin\/\">votre tableau de bord<\/a> pour supprimer cette page et cr\u00e9er de nouvelles pages pour votre contenu. Amusez-vous bien\u00a0!<\/p>\n<!-- \/wp:paragraph -->","_et_gb_content_width":"","footnotes":""},"class_list":["post-2","page","type-page","status-publish","hentry"],"_links":{"self":[{"href":"https:\/\/marygenisson.fr\/index.php\/wp-json\/wp\/v2\/pages\/2","targetHints":{"allow":["GET"]}}],"collection":[{"href":"https:\/\/marygenisson.fr\/index.php\/wp-json\/wp\/v2\/pages"}],"about":[{"href":"https:\/\/marygenisson.fr\/index.php\/wp-json\/wp\/v2\/types\/page"}],"author":[{"embeddable":true,"href":"https:\/\/marygenisson.fr\/index.php\/wp-json\/wp\/v2\/users\/1"}],"replies":[{"embeddable":true,"href":"https:\/\/marygenisson.fr\/index.php\/wp-json\/wp\/v2\/comments?post=2"}],"version-history":[{"count":12,"href":"https:\/\/marygenisson.fr\/index.php\/wp-json\/wp\/v2\/pages\/2\/revisions"}],"predecessor-version":[{"id":36,"href":"https:\/\/marygenisson.fr\/index.php\/wp-json\/wp\/v2\/pages\/2\/revisions\/36"}],"wp:attachment":[{"href":"https:\/\/marygenisson.fr\/index.php\/wp-json\/wp\/v2\/media?parent=2"}],"curies":[{"name":"wp","href":"https:\/\/api.w.org\/{rel}","templated":true}]}}